
{"id":44749,"date":"2026-03-09T15:00:32","date_gmt":"2026-03-09T15:00:32","guid":{"rendered":"https:\/\/oscar-farrar.com\/?page_id=44749"},"modified":"2026-03-16T15:39:06","modified_gmt":"2026-03-16T15:39:06","slug":"privacy-policy","status":"publish","type":"page","link":"https:\/\/oscar-farrar.com\/en\/privacy-policy\/","title":{"rendered":"Privacy policy"},"content":{"rendered":"\n<p><strong>Derni\u00e8re mise \u00e0 jour : 3 f\u00e9vrier 2026<\/strong>&nbsp;<\/p>\n\n\n\n<p>The website <a href=\"http:\/\/www.oscar-farrar.com\" type=\"link\" id=\"www.oscar-farrar.com\">www.oscar-farrar.com<\/a> respects your privacy. We only collect the personal information necessary to respond to your requests, improve user experience, and ensure the proper functioning of the site.<\/p>\n\n\n\n<p>Your information is never sold and is protected in accordance with <strong>Quebec\u2019s Law 25<\/strong>.<\/p>\n\n\n\n<p>You may request access to, correction of, or deletion of your information at any time.<\/p>\n\n\n\n<p><strong>Contact<\/strong>: <a href=\"mailto:mfarrar@oscar-farrar.com\">mfarrar@oscar-farrar.com<\/a><\/p>\n\n\n\n<figure class=\"wp-block-image size-full\"><img loading=\"lazy\" decoding=\"async\" width=\"577\" height=\"3\" src=\"https:\/\/oscar-farrar.com\/wp-content\/uploads\/2026\/02\/image-4.png\" alt=\"\" class=\"wp-image-44710\" srcset=\"https:\/\/oscar-farrar.com\/wp-content\/uploads\/2026\/02\/image-4.png 577w, https:\/\/oscar-farrar.com\/wp-content\/uploads\/2026\/02\/image-4-300x2.png 300w\" sizes=\"auto, (max-width: 577px) 100vw, 577px\" \/><\/figure>\n\n\n\n<p><strong>1. Personal Information Protection Officers<\/strong>\u00a0<\/p>\n\n\n\n<p>The Personal Information Protection Officer is:<\/p>\n\n\n\n<p><strong>Name :<\/strong>\u202fL\u00e9a Farrar\u00a0<br><strong>Email :<\/strong>\u202f<a href=\"mailto:mfarrar@oscar-farrar.com\" target=\"_blank\" rel=\"noreferrer noopener\">mfarrar@oscar-farrar.com<\/a>\u00a0<\/p>\n\n\n\n<figure class=\"wp-block-image size-full\"><img loading=\"lazy\" decoding=\"async\" width=\"577\" height=\"3\" src=\"https:\/\/oscar-farrar.com\/wp-content\/uploads\/2026\/02\/image-3.png\" alt=\"\" class=\"wp-image-44708\" srcset=\"https:\/\/oscar-farrar.com\/wp-content\/uploads\/2026\/02\/image-3.png 577w, https:\/\/oscar-farrar.com\/wp-content\/uploads\/2026\/02\/image-3-300x2.png 300w\" sizes=\"auto, (max-width: 577px) 100vw, 577px\" \/><\/figure>\n\n\n\n<p><strong>2. Personal Information Collected<\/strong>\u00a0<\/p>\n\n\n\n<p>Depending on your use of the Site, we may collect the following information:<\/p>\n\n\n\n<ul class=\"wp-block-list\">\n<li>First and last name<\/li>\n<\/ul>\n\n\n\n<ul class=\"wp-block-list\">\n<li>Email address<\/li>\n<\/ul>\n\n\n\n<ul class=\"wp-block-list\">\n<li>Phone number (if applicable)<\/li>\n<\/ul>\n\n\n\n<ul class=\"wp-block-list\">\n<li>Content of voluntarily submitted messages<\/li>\n<\/ul>\n\n\n\n<ul class=\"wp-block-list\">\n<li>Navigation data (IP address, browser type, pages visited)<\/li>\n<\/ul>\n\n\n\n<figure class=\"wp-block-image size-full\"><img loading=\"lazy\" decoding=\"async\" width=\"529\" height=\"3\" src=\"https:\/\/oscar-farrar.com\/wp-content\/uploads\/2026\/02\/image-6.png\" alt=\"\" class=\"wp-image-44716\" srcset=\"https:\/\/oscar-farrar.com\/wp-content\/uploads\/2026\/02\/image-6.png 529w, https:\/\/oscar-farrar.com\/wp-content\/uploads\/2026\/02\/image-6-300x2.png 300w\" sizes=\"auto, (max-width: 529px) 100vw, 529px\" \/><\/figure>\n\n\n\n<p><strong>3. Collection Methods<\/strong>\u00a0<\/p>\n\n\n\n<p>Information is collected through :\u00a0<\/p>\n\n\n\n<ul class=\"wp-block-list\">\n<li>Online forms<\/li>\n<\/ul>\n\n\n\n<ul class=\"wp-block-list\">\n<li>Email communications<\/li>\n<\/ul>\n\n\n\n<ul class=\"wp-block-list\">\n<li>Cookies and similar technologies<\/li>\n<\/ul>\n\n\n\n<figure class=\"wp-block-image size-full\"><img loading=\"lazy\" decoding=\"async\" width=\"529\" height=\"3\" src=\"https:\/\/oscar-farrar.com\/wp-content\/uploads\/2026\/02\/image.png\" alt=\"\" class=\"wp-image-44706\" srcset=\"https:\/\/oscar-farrar.com\/wp-content\/uploads\/2026\/02\/image.png 529w, https:\/\/oscar-farrar.com\/wp-content\/uploads\/2026\/02\/image-300x2.png 300w\" sizes=\"auto, (max-width: 529px) 100vw, 529px\" \/><\/figure>\n\n\n\n<p><strong>4. Purpose of Collectione<\/strong>\u00a0<\/p>\n\n\n\n<p>Personal information is collected to:<\/p>\n\n\n\n<ul class=\"wp-block-list\">\n<li>Respond to requests and communications<\/li>\n<\/ul>\n\n\n\n<ul class=\"wp-block-list\">\n<li>Provide services offered on the Site<\/li>\n<\/ul>\n\n\n\n<ul class=\"wp-block-list\">\n<li>Improve content and user experience<\/li>\n<\/ul>\n\n\n\n<ul class=\"wp-block-list\">\n<li>Ensure the security of the Site<\/li>\n<\/ul>\n\n\n\n<ul class=\"wp-block-list\">\n<li>Comply with applicable legal obligations<\/li>\n<\/ul>\n\n\n\n<figure class=\"wp-block-image size-full\"><img loading=\"lazy\" decoding=\"async\" width=\"529\" height=\"3\" src=\"https:\/\/oscar-farrar.com\/wp-content\/uploads\/2026\/02\/image-2.png\" alt=\"\" class=\"wp-image-44707\" srcset=\"https:\/\/oscar-farrar.com\/wp-content\/uploads\/2026\/02\/image-2.png 529w, https:\/\/oscar-farrar.com\/wp-content\/uploads\/2026\/02\/image-2-300x2.png 300w\" sizes=\"auto, (max-width: 529px) 100vw, 529px\" \/><\/figure>\n\n\n\n<p><strong>5. Consent<\/strong>\u00a0<\/p>\n\n\n\n<p>By using the Site and providing personal information, you consent to its collection, use, and storage in accordance with this policy.<\/p>\n\n\n\n<p>You may withdraw your consent at any time, subject to legal obligations.<\/p>\n\n\n\n<figure class=\"wp-block-image size-full\"><img loading=\"lazy\" decoding=\"async\" width=\"577\" height=\"3\" src=\"https:\/\/oscar-farrar.com\/wp-content\/uploads\/2026\/02\/image-5.png\" alt=\"\" class=\"wp-image-44714\" srcset=\"https:\/\/oscar-farrar.com\/wp-content\/uploads\/2026\/02\/image-5.png 577w, https:\/\/oscar-farrar.com\/wp-content\/uploads\/2026\/02\/image-5-300x2.png 300w\" sizes=\"auto, (max-width: 577px) 100vw, 577px\" \/><\/figure>\n\n\n\n<p><strong>6. Disclosure to Third Parties<\/strong>\u00a0<\/p>\n\n\n\n<p>Personal information is neither sold nor exchanged.<\/p>\n\n\n\n<p>It may be disclosed to service providers (web hosting, analytics tools, technical services) only to the extent necessary for their functions and under a confidentiality agreement.<\/p>\n\n\n\n<figure class=\"wp-block-image size-full\"><img loading=\"lazy\" decoding=\"async\" width=\"577\" height=\"3\" src=\"https:\/\/oscar-farrar.com\/wp-content\/uploads\/2026\/02\/image-8.png\" alt=\"\" class=\"wp-image-44721\" srcset=\"https:\/\/oscar-farrar.com\/wp-content\/uploads\/2026\/02\/image-8.png 577w, https:\/\/oscar-farrar.com\/wp-content\/uploads\/2026\/02\/image-8-300x2.png 300w\" sizes=\"auto, (max-width: 577px) 100vw, 577px\" \/><\/figure>\n\n\n\n<p><strong>7. Retention and Security<\/strong>\u00a0<\/p>\n\n\n\n<p>Information is retained only for as long as necessary for the intended purposes.<\/p>\n\n\n\n<p>Reasonable administrative, technical, and physical security measures are implemented to protect information from unauthorized access, loss, or disclosure.<\/p>\n\n\n\n<figure class=\"wp-block-image size-full\"><img loading=\"lazy\" decoding=\"async\" width=\"577\" height=\"3\" src=\"https:\/\/oscar-farrar.com\/wp-content\/uploads\/2026\/02\/image-7.png\" alt=\"\" class=\"wp-image-44718\" srcset=\"https:\/\/oscar-farrar.com\/wp-content\/uploads\/2026\/02\/image-7.png 577w, https:\/\/oscar-farrar.com\/wp-content\/uploads\/2026\/02\/image-7-300x2.png 300w\" sizes=\"auto, (max-width: 577px) 100vw, 577px\" \/><\/figure>\n\n\n\n<p><strong>8. User Rights<\/strong>\u00a0<\/p>\n\n\n\n<p>Under Law 25, you have the following rights:<\/p>\n\n\n\n<ul class=\"wp-block-list\">\n<li>Access to your personal information<\/li>\n<\/ul>\n\n\n\n<ul class=\"wp-block-list\">\n<li>Correction of inaccurate information<\/li>\n<\/ul>\n\n\n\n<ul class=\"wp-block-list\">\n<li>Withdrawal of consent<\/li>\n<\/ul>\n\n\n\n<ul class=\"wp-block-list\">\n<li>Deletion, subject to legal obligations<\/li>\n<\/ul>\n\n\n\n<p>Any request must be addressed to the Personal Information Protection Officer.<\/p>\n\n\n\n<p><strong>9. Cookies<\/strong>\u00a0<\/p>\n\n\n\n<p>The Site uses cookies to analyze navigation and improve user experience. You can manage your cookie preferences at any time via your browser or the consent banner<\/p>\n\n\n\n<p><strong>10. Modifications<\/strong>&nbsp;<\/p>\n\n\n\n<p>This policy may be modified at any time.<br>Any changes will be published on this page with the update date.<\/p>\n\n\n\n<p><\/p>\n\n\n\n<p><\/p>\n","protected":false},"excerpt":{"rendered":"<p>Derni\u00e8re mise \u00e0 jour : 3 f\u00e9vrier 2026&nbsp; The website www.oscar-farrar.com respects your privacy. We only collect the personal information necessary to respond to your requests, improve user experience, and ensure the proper functioning of the site. Your information is never sold and is protected in accordance with Quebec\u2019s Law 25. You may request access [&hellip;]<\/p>\n","protected":false},"author":3,"featured_media":0,"parent":0,"menu_order":0,"comment_status":"closed","ping_status":"closed","template":"","meta":{"_acf_changed":false,"footnotes":""},"class_list":["post-44749","page","type-page","status-publish","hentry"],"acf":[],"yoast_head":"<!-- This site is optimized with the Yoast SEO plugin v26.9 - https:\/\/yoast.com\/product\/yoast-seo-wordpress\/ -->\n<title>Privacy policy | La pourvoirie du Lac Oscar<\/title>\n<meta name=\"robots\" content=\"index, follow, max-snippet:-1, max-image-preview:large, max-video-preview:-1\" \/>\n<link rel=\"canonical\" href=\"https:\/\/oscar-farrar.com\/en\/privacy-policy\/\" \/>\n<meta property=\"og:locale\" content=\"en_US\" \/>\n<meta property=\"og:type\" content=\"article\" \/>\n<meta property=\"og:title\" content=\"Privacy policy | La pourvoirie du Lac Oscar\" \/>\n<meta property=\"og:description\" content=\"Derni\u00e8re mise \u00e0 jour : 3 f\u00e9vrier 2026&nbsp; The website www.oscar-farrar.com respects your privacy. We only collect the personal information necessary to respond to your requests, improve user experience, and ensure the proper functioning of the site. Your information is never sold and is protected in accordance with Quebec\u2019s Law 25. You may request access [&hellip;]\" \/>\n<meta property=\"og:url\" content=\"https:\/\/oscar-farrar.com\/en\/privacy-policy\/\" \/>\n<meta property=\"og:site_name\" content=\"La pourvoirie du Lac Oscar\" \/>\n<meta property=\"article:publisher\" content=\"https:\/\/www.facebook.com\/PourvoirieOscar\" \/>\n<meta property=\"article:modified_time\" content=\"2026-03-16T15:39:06+00:00\" \/>\n<meta property=\"og:image\" content=\"https:\/\/oscar-farrar.com\/wp-content\/uploads\/2026\/02\/image-4.png\" \/>\n\t<meta property=\"og:image:width\" content=\"577\" \/>\n\t<meta property=\"og:image:height\" content=\"3\" \/>\n\t<meta property=\"og:image:type\" content=\"image\/png\" \/>\n<meta name=\"twitter:card\" content=\"summary_large_image\" \/>\n<meta name=\"twitter:label1\" content=\"Est. reading time\" \/>\n\t<meta name=\"twitter:data1\" content=\"4 minutes\" \/>\n<script type=\"application\/ld+json\" class=\"yoast-schema-graph\">{\"@context\":\"https:\/\/schema.org\",\"@graph\":[{\"@type\":\"WebPage\",\"@id\":\"https:\/\/oscar-farrar.com\/en\/privacy-policy\/\",\"url\":\"https:\/\/oscar-farrar.com\/en\/privacy-policy\/\",\"name\":\"Privacy policy | La pourvoirie du Lac Oscar\",\"isPartOf\":{\"@id\":\"https:\/\/oscar-farrar.com\/#website\"},\"primaryImageOfPage\":{\"@id\":\"https:\/\/oscar-farrar.com\/en\/privacy-policy\/#primaryimage\"},\"image\":{\"@id\":\"https:\/\/oscar-farrar.com\/en\/privacy-policy\/#primaryimage\"},\"thumbnailUrl\":\"https:\/\/oscar-farrar.com\/wp-content\/uploads\/2026\/02\/image-4.png\",\"datePublished\":\"2026-03-09T15:00:32+00:00\",\"dateModified\":\"2026-03-16T15:39:06+00:00\",\"breadcrumb\":{\"@id\":\"https:\/\/oscar-farrar.com\/en\/privacy-policy\/#breadcrumb\"},\"inLanguage\":\"en-US\",\"potentialAction\":[{\"@type\":\"ReadAction\",\"target\":[\"https:\/\/oscar-farrar.com\/en\/privacy-policy\/\"]}]},{\"@type\":\"ImageObject\",\"inLanguage\":\"en-US\",\"@id\":\"https:\/\/oscar-farrar.com\/en\/privacy-policy\/#primaryimage\",\"url\":\"https:\/\/oscar-farrar.com\/wp-content\/uploads\/2026\/02\/image-4.png\",\"contentUrl\":\"https:\/\/oscar-farrar.com\/wp-content\/uploads\/2026\/02\/image-4.png\"},{\"@type\":\"BreadcrumbList\",\"@id\":\"https:\/\/oscar-farrar.com\/en\/privacy-policy\/#breadcrumb\",\"itemListElement\":[{\"@type\":\"ListItem\",\"position\":1,\"name\":\"Accueil\",\"item\":\"https:\/\/oscar-farrar.com\/en\/\"},{\"@type\":\"ListItem\",\"position\":2,\"name\":\"Privacy policy\"}]},{\"@type\":\"WebSite\",\"@id\":\"https:\/\/oscar-farrar.com\/#website\",\"url\":\"https:\/\/oscar-farrar.com\/\",\"name\":\"La pourvoirie du Lac Oscar\",\"description\":\"\",\"publisher\":{\"@id\":\"https:\/\/oscar-farrar.com\/#organization\"},\"alternateName\":\"Lac Oscar\",\"potentialAction\":[{\"@type\":\"SearchAction\",\"target\":{\"@type\":\"EntryPoint\",\"urlTemplate\":\"https:\/\/oscar-farrar.com\/?s={search_term_string}\"},\"query-input\":{\"@type\":\"PropertyValueSpecification\",\"valueRequired\":true,\"valueName\":\"search_term_string\"}}],\"inLanguage\":\"en-US\"},{\"@type\":\"Organization\",\"@id\":\"https:\/\/oscar-farrar.com\/#organization\",\"name\":\"La pourvoirie du Lac Oscar\",\"alternateName\":\"Lac Oscar\",\"url\":\"https:\/\/oscar-farrar.com\/\",\"logo\":{\"@type\":\"ImageObject\",\"inLanguage\":\"en-US\",\"@id\":\"https:\/\/oscar-farrar.com\/#\/schema\/logo\/image\/\",\"url\":\"https:\/\/oscar-farrar.com\/wp-content\/uploads\/2026\/02\/logo_oscar_badge.png\",\"contentUrl\":\"https:\/\/oscar-farrar.com\/wp-content\/uploads\/2026\/02\/logo_oscar_badge.png\",\"width\":474,\"height\":529,\"caption\":\"La pourvoirie du Lac Oscar\"},\"image\":{\"@id\":\"https:\/\/oscar-farrar.com\/#\/schema\/logo\/image\/\"},\"sameAs\":[\"https:\/\/www.facebook.com\/PourvoirieOscar\"]}]}<\/script>\n<!-- \/ Yoast SEO plugin. -->","yoast_head_json":{"title":"Privacy policy | La pourvoirie du Lac Oscar","robots":{"index":"index","follow":"follow","max-snippet":"max-snippet:-1","max-image-preview":"max-image-preview:large","max-video-preview":"max-video-preview:-1"},"canonical":"https:\/\/oscar-farrar.com\/en\/privacy-policy\/","og_locale":"en_US","og_type":"article","og_title":"Privacy policy | La pourvoirie du Lac Oscar","og_description":"Derni\u00e8re mise \u00e0 jour : 3 f\u00e9vrier 2026&nbsp; The website www.oscar-farrar.com respects your privacy. We only collect the personal information necessary to respond to your requests, improve user experience, and ensure the proper functioning of the site. Your information is never sold and is protected in accordance with Quebec\u2019s Law 25. You may request access [&hellip;]","og_url":"https:\/\/oscar-farrar.com\/en\/privacy-policy\/","og_site_name":"La pourvoirie du Lac Oscar","article_publisher":"https:\/\/www.facebook.com\/PourvoirieOscar","article_modified_time":"2026-03-16T15:39:06+00:00","og_image":[{"width":577,"height":3,"url":"https:\/\/oscar-farrar.com\/wp-content\/uploads\/2026\/02\/image-4.png","type":"image\/png"}],"twitter_card":"summary_large_image","twitter_misc":{"Est. reading time":"4 minutes"},"schema":{"@context":"https:\/\/schema.org","@graph":[{"@type":"WebPage","@id":"https:\/\/oscar-farrar.com\/en\/privacy-policy\/","url":"https:\/\/oscar-farrar.com\/en\/privacy-policy\/","name":"Privacy policy | La pourvoirie du Lac Oscar","isPartOf":{"@id":"https:\/\/oscar-farrar.com\/#website"},"primaryImageOfPage":{"@id":"https:\/\/oscar-farrar.com\/en\/privacy-policy\/#primaryimage"},"image":{"@id":"https:\/\/oscar-farrar.com\/en\/privacy-policy\/#primaryimage"},"thumbnailUrl":"https:\/\/oscar-farrar.com\/wp-content\/uploads\/2026\/02\/image-4.png","datePublished":"2026-03-09T15:00:32+00:00","dateModified":"2026-03-16T15:39:06+00:00","breadcrumb":{"@id":"https:\/\/oscar-farrar.com\/en\/privacy-policy\/#breadcrumb"},"inLanguage":"en-US","potentialAction":[{"@type":"ReadAction","target":["https:\/\/oscar-farrar.com\/en\/privacy-policy\/"]}]},{"@type":"ImageObject","inLanguage":"en-US","@id":"https:\/\/oscar-farrar.com\/en\/privacy-policy\/#primaryimage","url":"https:\/\/oscar-farrar.com\/wp-content\/uploads\/2026\/02\/image-4.png","contentUrl":"https:\/\/oscar-farrar.com\/wp-content\/uploads\/2026\/02\/image-4.png"},{"@type":"BreadcrumbList","@id":"https:\/\/oscar-farrar.com\/en\/privacy-policy\/#breadcrumb","itemListElement":[{"@type":"ListItem","position":1,"name":"Accueil","item":"https:\/\/oscar-farrar.com\/en\/"},{"@type":"ListItem","position":2,"name":"Privacy policy"}]},{"@type":"WebSite","@id":"https:\/\/oscar-farrar.com\/#website","url":"https:\/\/oscar-farrar.com\/","name":"La pourvoirie du Lac Oscar","description":"","publisher":{"@id":"https:\/\/oscar-farrar.com\/#organization"},"alternateName":"Lac Oscar","potentialAction":[{"@type":"SearchAction","target":{"@type":"EntryPoint","urlTemplate":"https:\/\/oscar-farrar.com\/?s={search_term_string}"},"query-input":{"@type":"PropertyValueSpecification","valueRequired":true,"valueName":"search_term_string"}}],"inLanguage":"en-US"},{"@type":"Organization","@id":"https:\/\/oscar-farrar.com\/#organization","name":"La pourvoirie du Lac Oscar","alternateName":"Lac Oscar","url":"https:\/\/oscar-farrar.com\/","logo":{"@type":"ImageObject","inLanguage":"en-US","@id":"https:\/\/oscar-farrar.com\/#\/schema\/logo\/image\/","url":"https:\/\/oscar-farrar.com\/wp-content\/uploads\/2026\/02\/logo_oscar_badge.png","contentUrl":"https:\/\/oscar-farrar.com\/wp-content\/uploads\/2026\/02\/logo_oscar_badge.png","width":474,"height":529,"caption":"La pourvoirie du Lac Oscar"},"image":{"@id":"https:\/\/oscar-farrar.com\/#\/schema\/logo\/image\/"},"sameAs":["https:\/\/www.facebook.com\/PourvoirieOscar"]}]}},"_links":{"self":[{"href":"https:\/\/oscar-farrar.com\/en\/wp-json\/wp\/v2\/pages\/44749","targetHints":{"allow":["GET"]}}],"collection":[{"href":"https:\/\/oscar-farrar.com\/en\/wp-json\/wp\/v2\/pages"}],"about":[{"href":"https:\/\/oscar-farrar.com\/en\/wp-json\/wp\/v2\/types\/page"}],"author":[{"embeddable":true,"href":"https:\/\/oscar-farrar.com\/en\/wp-json\/wp\/v2\/users\/3"}],"replies":[{"embeddable":true,"href":"https:\/\/oscar-farrar.com\/en\/wp-json\/wp\/v2\/comments?post=44749"}],"version-history":[{"count":4,"href":"https:\/\/oscar-farrar.com\/en\/wp-json\/wp\/v2\/pages\/44749\/revisions"}],"predecessor-version":[{"id":44754,"href":"https:\/\/oscar-farrar.com\/en\/wp-json\/wp\/v2\/pages\/44749\/revisions\/44754"}],"wp:attachment":[{"href":"https:\/\/oscar-farrar.com\/en\/wp-json\/wp\/v2\/media?parent=44749"}],"curies":[{"name":"wp","href":"https:\/\/api.w.org\/{rel}","templated":true}]}}